{"id":170,"date":"2025-02-11T16:23:22","date_gmt":"2025-02-11T15:23:22","guid":{"rendered":"https:\/\/familijnewesele.5v.pl\/?page_id=170"},"modified":"2025-02-20T16:04:02","modified_gmt":"2025-02-20T16:04:02","slug":"oferta-2","status":"publish","type":"page","link":"https:\/\/familijnewesele.pl\/index.php\/oferta-2\/","title":{"rendered":"OFERTA"},"content":{"rendered":"<p>[et_pb_section fb_built=&#8221;1&#8243; _builder_version=&#8221;4.27.4&#8243; _module_preset=&#8221;default&#8221; background_enable_color=&#8221;off&#8221; use_background_color_gradient=&#8221;on&#8221; background_color_gradient_stops=&#8221;#000000 0%|rgba(0,0,0,0.77) 33%|#000000 93%&#8221; background_image=&#8221;http:\/\/familijnewesele.pl\/wp-content\/uploads\/2025\/02\/IMG_0030.jpg&#8221; background_blend=&#8221;color&#8221; min_height=&#8221;1256.2px&#8221; custom_padding=&#8221;4px|||||&#8221; global_colors_info=&#8221;{}&#8221;][et_pb_row _builder_version=&#8221;4.27.4&#8243; _module_preset=&#8221;default&#8221; background_color=&#8221;RGBA(255,255,255,0)&#8221; background_enable_image=&#8221;off&#8221; parallax=&#8221;on&#8221; parallax_method=&#8221;off&#8221; width=&#8221;100%&#8221; height=&#8221;112px&#8221; custom_margin=&#8221;|auto|10px|auto|false|false&#8221; custom_padding=&#8221;||100px||false|false&#8221; animation_style=&#8221;bounce&#8221; global_colors_info=&#8221;{}&#8221;][et_pb_column type=&#8221;4_4&#8243; _builder_version=&#8221;4.27.4&#8243; _module_preset=&#8221;default&#8221; global_colors_info=&#8221;{}&#8221;][et_pb_heading title=&#8221;OFERTA&#8221; _builder_version=&#8221;4.27.4&#8243; _module_preset=&#8221;default&#8221; title_font=&#8221;Andada Pro|700|||||||&#8221; title_text_align=&#8221;center&#8221; title_text_color=&#8221;#FFFFFF&#8221; title_font_size=&#8221;50px&#8221; title_text_shadow_style=&#8221;preset5&#8243; global_colors_info=&#8221;{}&#8221;][\/et_pb_heading][\/et_pb_column][\/et_pb_row][et_pb_row _builder_version=&#8221;4.27.4&#8243; _module_preset=&#8221;default&#8221; background_enable_image=&#8221;off&#8221; parallax=&#8221;on&#8221; parallax_method=&#8221;off&#8221; min_height=&#8221;464.8px&#8221; custom_margin=&#8221;10px|auto||auto||&#8221; custom_padding=&#8221;12px|||||&#8221; global_colors_info=&#8221;{}&#8221;][et_pb_column type=&#8221;4_4&#8243; _builder_version=&#8221;4.27.4&#8243; _module_preset=&#8221;default&#8221; global_colors_info=&#8221;{}&#8221;][et_pb_text _builder_version=&#8221;4.27.4&#8243; _module_preset=&#8221;default&#8221; background_enable_color=&#8221;off&#8221; background_enable_image=&#8221;off&#8221; custom_padding=&#8221;||0px|||&#8221; hover_enabled=&#8221;0&#8243; global_colors_info=&#8221;{}&#8221; sticky_enabled=&#8221;0&#8243;]<\/p>\n<p>&nbsp;<\/p>\n<p style=\"text-align: center;\"><strong><span style=\"font-size: medium;\"><span style=\"font-size: xx-large;\"><span class=\"OYPEnA font-feature-liga-off font-feature-clig-off font-feature-calt-off text-decoration-none text-strikethrough-none\">Co znajdziecie<\/span><span class=\"OYPEnA font-feature-liga-off font-feature-clig-off font-feature-calt-off text-decoration-none text-strikethrough-none white-space-prewrap\"> <\/span><\/span><span class=\"OYPEnA font-feature-liga-off font-feature-clig-off font-feature-calt-off text-decoration-none text-strikethrough-none\"><span style=\"font-size: xx-large;\">w naszej ofercie ?<\/span> <\/span><\/span><\/strong><\/p>\n<p style=\"text-align: center;\"><span style=\"font-size: xx-large;\"><strong><span style=\"color: #e09900;\"><span style=\"font-size: x-large;\">DJ<span style=\"font-size: medium;\">&#8211;<\/span><\/span><span style=\"font-size: large;\">a<span style=\"font-size: medium;\">,<\/span><\/span><\/span><br \/><\/strong><\/span><span style=\"font-size: 16px;\">kt\u00f3ry serwuje odpowiednio dobran\u0105 muzyk\u0119<br \/><\/span><span class=\"OYPEnA font-feature-liga-off font-feature-clig-off font-feature-calt-off text-decoration-none text-strikethrough-none\" style=\"font-size: 16px;\">(lata 60\u2032 70\u2032 80\u2032 90\u2032, przeboje polskie<\/span><span class=\"OYPEnA font-feature-liga-off font-feature-clig-off font-feature-calt-off text-decoration-none text-strikethrough-none white-space-prewrap\" style=\"font-size: 16px;\"> <\/span><span class=\"OYPEnA font-feature-liga-off font-feature-clig-off font-feature-calt-off text-decoration-none text-strikethrough-none\" style=\"font-size: 16px;\">i zagraniczne, muzyka dance, pop, disco, przy\u015bpiewki weselne,<br \/>najwi\u0119ksze hity minionych lat,a tak\u017ce nowo\u015bci z list przeboj\u00f3w).<br \/>Nie znajdziecie u nas gotowej playlisty, wszystko co gramy jest dopasowane do tego co dzieje si\u0119 na parkiecie,<\/span><\/p>\n<p style=\"text-align: center;\"><span style=\"color: rgba(255, 255, 255, 0);\"><strong style=\"font-size: 16px;\"><span style=\"font-size: xx-large;\"><br \/><span style=\"color: #e09900; font-size: x-large;\">Wodzirejk\u0119<\/span><\/span><\/strong><\/span><span style=\"font-size: 16px;\"><span style=\"color: #e09900;\">,<\/span><br \/>kt\u00f3ra poprowadzi was krok po kroku przez wszystkie najwa\u017cniejsze punkty wesela,<br \/><\/span><span style=\"font-size: 16px;\">poprowadzi zabawy, konkursy i animacje. A wszystko ze smakiem i humorem,<\/span><\/p>\n<p style=\"text-align: center;\"><strong style=\"font-size: x-large;\"><br \/><span style=\"color: #e09900;\">Profesjonalne nag\u0142o\u015bnienie<span style=\"font-size: medium;\">,<\/span><\/span><br \/><\/strong><span style=\"font-size: 16px;\">kt\u00f3re w parze z o\u015bwietleniem i efektami specjalnymi tworz\u0105 wyj\u0105tkowy klimat,<\/span><\/p>\n<p>&nbsp;<\/p>\n<p style=\"text-align: center;\"><span class=\"OYPEnA font-feature-liga-off font-feature-clig-off font-feature-calt-off text-decoration-none text-strikethrough-none\" style=\"font-size: 16px;\"><span style=\"color: #e09900;\"><strong><span style=\"font-size: x-large;\">Gad\u017cety<span style=\"font-size: medium;\">,<\/span><\/span><\/strong><\/span><br \/><span style=\"color: #ffffff;\">kt\u00f3re nie raz rozbawi\u0105 waszych go\u015bci do \u0142ez robi\u0105c sobie zdj\u0119cia,<\/span><br \/><span style=\"color: #ffffff;\">kt\u00f3re nawet<\/span><\/span><span style=\"color: #ffffff;\"><span class=\"OYPEnA font-feature-liga-off font-feature-clig-off font-feature-calt-off text-decoration-none text-strikethrough-none white-space-prewrap\" style=\"font-size: 16px;\"> <\/span><span class=\"OYPEnA font-feature-liga-off font-feature-clig-off font-feature-calt-off text-decoration-none text-strikethrough-none\" style=\"font-size: 16px;\">po wielu latach zawsze b\u0119d\u0105 wywo\u0142ywa\u0107 u\u015bmiech,<br \/>przywo\u0142uj\u0105c wspomnienia z tego dnia.<\/span><\/span><\/p>\n<p><span style=\"color: #ffffff;\">\u00a0<\/span><\/p>\n<p style=\"text-align: center;\"><span class=\"OYPEnA font-feature-liga-off font-feature-clig-off font-feature-calt-off text-decoration-none text-strikethrough-none\" style=\"font-size: 16px; color: #ffffff;\"><strong><span style=\"font-size: x-large;\"><span style=\"color: #e09900;\">Mo\u017cliwo\u015bci<span style=\"font-size: medium;\">,<\/span><\/span><\/span><\/strong><span style=\"font-size: 16px;\"><br \/><\/span><strong><span style=\"font-size: x-large;\"><\/span><\/strong><\/span><span style=\"font-size: 16px; color: #000000;\"><span style=\"color: #ffffff;\"><span class=\"OYPEnA font-feature-liga-off font-feature-clig-off font-feature-calt-off text-decoration-none text-strikethrough-none\">wyboru stanowiska w jakim kolorze oraz stylu ma przypasowa\u0107,<br \/>do Waszej sali weselnej, oraz z czego ma gra\u0107 DJ<br \/>(tradycyjnie z CD lub z Gramofon\u00f3w)<\/span><span class=\"OYPEnA font-feature-liga-off font-feature-clig-off font-feature-calt-off text-decoration-none text-strikethrough-none white-space-prewrap\"> <\/span><\/span><\/span><\/p>\n<p style=\"text-align: center;\"><span style=\"font-size: 16px; color: #ffffff;\"><\/span><\/p>\n<p class=\"cvGsUA direction-ltr align-center para-style-body\" style=\"text-align: center;\"><span class=\"OYPEnA font-feature-liga-off font-feature-clig-off font-feature-calt-off text-decoration-none text-strikethrough-none\" style=\"font-size: large; color: #ffffff;\">Oczywi\u015bcie to w jaki spos\u00f3b ma przebiega\u0107 wasza uroczysto\u015b\u0107 omawiamy na spotkaniu,<br \/>dlatego wa\u017cne jest by zrobi\u0107 to odpowiednio wcze\u015bnie.<br \/>Macie wp\u0142yw na to co dzieje si\u0119 na waszym weselu tak\u017ce w trakcie jego trwania.<\/span><\/p>\n<p style=\"text-align: center;\"><span style=\"color: #ffffff; font-size: large;\">Jeste\u015bmy elastyczni i dostosowujemy si\u0119 indywidualnie do waszych potrzeb.<\/span><\/p>\n<p>[\/et_pb_text][\/et_pb_column][\/et_pb_row][\/et_pb_section]<\/p>\n","protected":false},"excerpt":{"rendered":"<p>&nbsp; Co znajdziecie w naszej ofercie ? DJ-a,kt\u00f3ry serwuje odpowiednio dobran\u0105 muzyk\u0119(lata 60\u2032 70\u2032 80\u2032 90\u2032, przeboje polskie i zagraniczne, muzyka dance, pop, disco, przy\u015bpiewki weselne,najwi\u0119ksze hity minionych lat,a tak\u017ce nowo\u015bci z list przeboj\u00f3w).Nie znajdziecie u nas gotowej playlisty, wszystko co gramy jest dopasowane do tego co dzieje si\u0119 na parkiecie, Wodzirejk\u0119,kt\u00f3ra poprowadzi was krok [&hellip;]<\/p>\n","protected":false},"author":2,"featured_media":0,"parent":0,"menu_order":0,"comment_status":"closed","ping_status":"closed","template":"","meta":{"_et_pb_use_builder":"on","_et_pb_old_content":"","_et_gb_content_width":"","footnotes":""},"class_list":["post-170","page","type-page","status-publish","hentry"],"_links":{"self":[{"href":"https:\/\/familijnewesele.pl\/index.php\/wp-json\/wp\/v2\/pages\/170","targetHints":{"allow":["GET"]}}],"collection":[{"href":"https:\/\/familijnewesele.pl\/index.php\/wp-json\/wp\/v2\/pages"}],"about":[{"href":"https:\/\/familijnewesele.pl\/index.php\/wp-json\/wp\/v2\/types\/page"}],"author":[{"embeddable":true,"href":"https:\/\/familijnewesele.pl\/index.php\/wp-json\/wp\/v2\/users\/2"}],"replies":[{"embeddable":true,"href":"https:\/\/familijnewesele.pl\/index.php\/wp-json\/wp\/v2\/comments?post=170"}],"version-history":[{"count":3,"href":"https:\/\/familijnewesele.pl\/index.php\/wp-json\/wp\/v2\/pages\/170\/revisions"}],"predecessor-version":[{"id":562,"href":"https:\/\/familijnewesele.pl\/index.php\/wp-json\/wp\/v2\/pages\/170\/revisions\/562"}],"wp:attachment":[{"href":"https:\/\/familijnewesele.pl\/index.php\/wp-json\/wp\/v2\/media?parent=170"}],"curies":[{"name":"wp","href":"https:\/\/api.w.org\/{rel}","templated":true}]}}