{"id":247,"date":"2025-02-11T20:54:37","date_gmt":"2025-02-11T19:54:37","guid":{"rendered":"https:\/\/familijnewesele.5v.pl\/?page_id=247"},"modified":"2025-02-20T19:48:10","modified_gmt":"2025-02-20T19:48:10","slug":"propozycje-zabaw","status":"publish","type":"page","link":"https:\/\/familijnewesele.pl\/index.php\/propozycje-zabaw\/","title":{"rendered":"PROPOZYCJE ZABAW"},"content":{"rendered":"<p>[et_pb_section fb_built=&#8221;1&#8243; _builder_version=&#8221;4.27.4&#8243; _module_preset=&#8221;default&#8221; background_color=&#8221;#000000&#8243; global_colors_info=&#8221;{}&#8221;][et_pb_row _builder_version=&#8221;4.27.4&#8243; _module_preset=&#8221;default&#8221; global_colors_info=&#8221;{}&#8221;][et_pb_column type=&#8221;4_4&#8243; _builder_version=&#8221;4.27.4&#8243; _module_preset=&#8221;default&#8221; global_colors_info=&#8221;{}&#8221;][et_pb_slider arrows_custom_color=&#8221;#FFFFFF&#8221; dot_nav_custom_color=&#8221;#FFFFFF&#8221; _builder_version=&#8221;4.27.4&#8243; _module_preset=&#8221;default&#8221; header_font=&#8221;Andada Pro||||||||&#8221; header_text_color=&#8221;#ffffff&#8221; body_text_color=&#8221;#ffffff&#8221; background_color=&#8221;RGBA(255,255,255,0)&#8221; custom_button=&#8221;on&#8221; button_text_color=&#8221;RGBA(255,255,255,0)&#8221; button_bg_color=&#8221;RGBA(255,255,255,0)&#8221; button_border_color=&#8221;RGBA(255,255,255,0)&#8221; button_use_icon=&#8221;off&#8221; min_height=&#8221;394.3px&#8221; custom_margin=&#8221;-98px|||||&#8221; custom_padding=&#8221;55px|||||&#8221; animation_style=&#8221;fade&#8221; animation_duration=&#8221;1250ms&#8221; auto=&#8221;on&#8221; motion_trigger_start=&#8221;top&#8221; global_colors_info=&#8221;{%22gcid-heading-color%22:%91%22header_text_color%22,%22header_text_color%22,%22header_text_color%22,%22header_text_color%22,%22header_text_color%22,%22header_text_color%22,%22header_text_color%22,%22header_text_color%22,%22header_text_color%22,%22header_text_color%22,%22header_text_color%22,%22header_text_color%22,%22header_text_color%22,%22header_text_color%22,%22header_text_color%22,%22header_text_color%22%93,%22gcid-body-color%22:%91%22body_text_color%22,%22body_text_color%22,%22body_text_color%22,%22body_text_color%22,%22body_text_color%22,%22body_text_color%22,%22body_text_color%22,%22body_text_color%22,%22body_text_color%22,%22body_text_color%22,%22body_text_color%22,%22body_text_color%22,%22body_text_color%22,%22body_text_color%22,%22body_text_color%22,%22body_text_color%22%93}&#8221;][et_pb_slide heading=&#8221;ANIMACJE&#8221; button_text=&#8221;Klikni\u0119cia&#8221; image=&#8221;http:\/\/familijnewesele.pl\/wp-content\/uploads\/2025\/02\/ANE_0096.jpg&#8221; _builder_version=&#8221;4.27.4&#8243; _module_preset=&#8221;default&#8221; global_colors_info=&#8221;{}&#8221; sticky_transition=&#8221;on&#8221;]<\/p>\n<p><span class=\"OYPEnA font-feature-liga-off font-feature-clig-off font-feature-calt-off text-decoration-none text-strikethrough-none\">Animacje taneczne, kt\u00f3re rozta\u0144cz\u0105 ka\u017cdego i spowoduj\u0105 \u017ce parkiet b\u0119dzie ca\u0142y czas pe\u0142ny.<br \/>Na pewno nie zabraknie takich ta\u0144c\u00f3w jak Y.M.C.A, Taniec Belgijski, Obyrtka, czy przez nas wymy\u015blone uk\u0142ady taneczne&#8230;<\/span><span class=\"OYPEnA font-feature-liga-off font-feature-clig-off font-feature-calt-off text-decoration-none text-strikethrough-none white-space-prewrap\"><\/span><\/p>\n<p>[\/et_pb_slide][et_pb_slide heading=&#8221;ZABAWY Z KOSTIUMAMI I GAD\u017bETAMI&#8221; image=&#8221;http:\/\/familijnewesele.pl\/wp-content\/uploads\/2025\/02\/IMG_2660.jpg&#8221; _builder_version=&#8221;4.27.4&#8243; _module_preset=&#8221;default&#8221; header_font_size=&#8221;40px&#8221; global_colors_info=&#8221;{}&#8221; sticky_transition=&#8221;on&#8221;]<\/p>\n<p class=\"cvGsUA direction-ltr align-center para-style-body\"><span class=\"OYPEnA font-feature-liga-off font-feature-clig-off font-feature-calt-off text-decoration-none text-strikethrough-none\">Krasnale<\/span><span class=\"OYPEnA font-feature-liga-off font-feature-clig-off font-feature-calt-off text-decoration-none text-strikethrough-none\">, kt\u00f3re na pewno wszyscy pokochaj\u0105, bo ju\u017c nie jednego go\u015bcia wprawi\u0142y w os\u0142upienie i ch\u0119\u0107 rywalizacji za wszelk\u0105 cen\u0119,<\/span><\/p>\n<p class=\"cvGsUA direction-ltr align-center para-style-body\"><span class=\"OYPEnA font-feature-liga-off font-feature-clig-off font-feature-calt-off text-decoration-none text-strikethrough-none\">Macho<\/span><span class=\"OYPEnA font-feature-liga-off font-feature-clig-off font-feature-calt-off text-decoration-none text-strikethrough-none\">, to oczywi\u015bcie Pan M\u0142ody, kt\u00f3ry poczuje si\u0119 wyj\u0105tkowo kiedy wszystkie Panie b\u0119d\u0105 piszcze\u0107 na jego widok,<\/span><\/p>\n<p>[\/et_pb_slide][et_pb_slide heading=&#8221;KRAINA LODU&#8230;&#8221; image=&#8221;http:\/\/familijnewesele.pl\/wp-content\/uploads\/2025\/02\/IMG_8424.jpg&#8221; _builder_version=&#8221;4.27.4&#8243; _module_preset=&#8221;default&#8221; header_font_size=&#8221;40px&#8221; global_colors_info=&#8221;{}&#8221; sticky_transition=&#8221;on&#8221;]<\/p>\n<p class=\"cvGsUA direction-ltr align-center para-style-body\"><span class=\"OYPEnA font-feature-liga-off font-feature-clig-off font-feature-calt-off text-decoration-none text-strikethrough-none\">Olaf i Kr\u00f3lowa \u015aniegu<\/span><span class=\"OYPEnA font-feature-liga-off font-feature-clig-off font-feature-calt-off text-decoration-none text-strikethrough-none\">, to zjawiskowe Show, w kt\u00f3rym Pani M\u0142oda poczuje si\u0119 wyj\u0105tkowo, a go\u015bcie b\u0119d\u0105 krzycze\u0107 rado\u015bnie podczas spadaj\u0105cego na nich \u015bniegu<\/span><\/p>\n<p>[\/et_pb_slide][et_pb_slide heading=&#8221;KROWA I KURCZAK&#8221; image=&#8221;http:\/\/familijnewesele.pl\/wp-content\/uploads\/2025\/02\/weselnydzien.pl-188-scaled.jpg&#8221; _builder_version=&#8221;4.27.4&#8243; _module_preset=&#8221;default&#8221; header_font_size=&#8221;40px&#8221; global_colors_info=&#8221;{}&#8221; sticky_transition=&#8221;on&#8221;]<\/p>\n<p class=\"cvGsUA direction-ltr align-center para-style-body\"><span class=\"OYPEnA font-feature-liga-off font-feature-clig-off font-feature-calt-off text-decoration-none text-strikethrough-none\">Doprowadz\u0105 \u015bwiadk\u00f3w oraz reszt\u0119 go\u015bci weselnych do euforii<br \/>na parkiecie oraz nieprzeci\u0119tnych pomys\u0142\u00f3w i figur<br \/>w jakich mo\u017cna ta\u0144czy\u0107&#8230;<\/span><\/p>\n<p>[\/et_pb_slide][et_pb_slide heading=&#8221;NIEZWYK\u0141E MOMENTY&#8221; image=&#8221;http:\/\/familijnewesele.pl\/wp-content\/uploads\/2025\/02\/IMG_0194.jpg&#8221; _builder_version=&#8221;4.27.4&#8243; _module_preset=&#8221;default&#8221; header_font_size=&#8221;40px&#8221; global_colors_info=&#8221;{}&#8221; sticky_transition=&#8221;on&#8221;]<\/p>\n<p class=\"cvGsUA direction-ltr align-center para-style-body\"><span class=\"OYPEnA font-feature-liga-off font-feature-clig-off font-feature-calt-off text-decoration-none text-strikethrough-none\">Postaramy si\u0119 r\u00f3wnie\u017c aby tak tradycyjne punkty wesela<br \/>jak podzi\u0119kowania dla rodzic\u00f3w (taniec ze \u015bwieczkami<br \/>lub rozdanie Oskar\u00f3w na czerwonym dywanie),<br \/>czy oczepiny sta\u0142y si\u0119 ciekawym,<br \/>wyj\u0105tkowym oraz pe\u0142nym emocji wydarzeniem&#8230;<\/span><\/p>\n<p>[\/et_pb_slide][et_pb_slide heading=&#8221;FAMILIADA&#8221; image=&#8221;http:\/\/familijnewesele.pl\/wp-content\/uploads\/2025\/02\/Sala-KP-NET-185.jpg&#8221; _builder_version=&#8221;4.27.4&#8243; _module_preset=&#8221;default&#8221; global_colors_info=&#8221;{}&#8221; sticky_transition=&#8221;on&#8221;]<\/p>\n<div dir=\"auto\">Zorganizuj niezapomnian\u0105 zabaw\u0119 weseln\u0105, kt\u00f3ra rozgrzeje serca go\u015bci i wprowadzi niesamowit\u0105 atmosfer\u0119 rado\u015bci i \u015bmiechu! Przedstawiamy Familiad\u0119 \u2013 interaktywn\u0105 zabaw\u0119, w kt\u00f3rej go\u015bcie weselni b\u0119d\u0105 mogli sprawdzi\u0107 swoj\u0105 wiedz\u0119 o Parze M\u0142odej lub solenizancie.<\/div>\n<div dir=\"auto\"><\/div>\n<div dir=\"auto\">Familiada to \u015bwietna forma zabawy, w kt\u00f3rej uczestnicy s\u0105 przepytywani na temat Pary M\u0142odej lub solenizanta \u2013 ich historii, wsp\u00f3lnych przyg\u00f3d, ulubionych miejsc i wielu innych ciekawych fakt\u00f3w. Zasada jest prosta: odpowiedzi na pytania maj\u0105 wywo\u0142a\u0107 u\u015bmiech, czasem zdziwienie, a cz\u0119sto wybuchy \u015bmiechu. Kto zna Par\u0119 M\u0142od\u0105 najlepiej? Kto potrafi odpowiedzie\u0107 na najbardziej nietypowe pytania? To czas, by sprawdzi\u0107, kto ma najsilniejsze wspomnienia z par\u0105!<\/div>\n<p>[\/et_pb_slide][\/et_pb_slider][\/et_pb_column][\/et_pb_row][et_pb_row _builder_version=&#8221;4.27.4&#8243; _module_preset=&#8221;default&#8221;][et_pb_column _builder_version=&#8221;4.27.4&#8243; _module_preset=&#8221;default&#8221; type=&#8221;4_4&#8243;][et_pb_gallery _builder_version=&#8221;4.27.4&#8243; _module_preset=&#8221;default&#8221; gallery_ids=&#8221;627,628,629,630,631,632,633,634,635,636,637,638,621&#8243; show_title_and_caption=&#8221;off&#8221; zoom_icon_color=&#8221;#E09900&#8243; hover_overlay_color=&#8221;#E09900&#8243; hover_icon=&#8221;&#x26;||divi||400&#8243; pagination_text_color=&#8221;#E09900&#8243; hover_enabled=&#8221;0&#8243; sticky_enabled=&#8221;0&#8243; gallery_orderby=&#8221;rand&#8221; background_color=&#8221;RGBA(255,255,255,0)&#8221; border_color_all_image=&#8221;RGBA(255,255,255,0)&#8221; text_orientation=&#8221;right&#8221; title_level=&#8221;h1&#8243; title_font=&#8221;Alata||||||||&#8221; title_text_color=&#8221;#FFFFFF&#8221; caption_font=&#8221;Andika||||||||&#8221; caption_text_align=&#8221;right&#8221; caption_text_color=&#8221;#FFFFFF&#8221; pagination_font=&#8221;Alata||||||||&#8221; pagination_font_size=&#8221;17px&#8221; pagination_letter_spacing=&#8221;3px&#8221;][\/et_pb_gallery][\/et_pb_column][\/et_pb_row][\/et_pb_section]<\/p>\n","protected":false},"excerpt":{"rendered":"<p>Animacje taneczne, kt\u00f3re rozta\u0144cz\u0105 ka\u017cdego i spowoduj\u0105 \u017ce parkiet b\u0119dzie ca\u0142y czas pe\u0142ny.Na pewno nie zabraknie takich ta\u0144c\u00f3w jak Y.M.C.A, Taniec Belgijski, Obyrtka, czy przez nas wymy\u015blone uk\u0142ady taneczne&#8230;Krasnale, kt\u00f3re na pewno wszyscy pokochaj\u0105, bo ju\u017c nie jednego go\u015bcia wprawi\u0142y w os\u0142upienie i ch\u0119\u0107 rywalizacji za wszelk\u0105 cen\u0119, Macho, to oczywi\u015bcie Pan M\u0142ody, kt\u00f3ry poczuje [&hellip;]<\/p>\n","protected":false},"author":2,"featured_media":0,"parent":0,"menu_order":0,"comment_status":"closed","ping_status":"closed","template":"","meta":{"_et_pb_use_builder":"on","_et_pb_old_content":"","_et_gb_content_width":"","footnotes":""},"class_list":["post-247","page","type-page","status-publish","hentry"],"_links":{"self":[{"href":"https:\/\/familijnewesele.pl\/index.php\/wp-json\/wp\/v2\/pages\/247","targetHints":{"allow":["GET"]}}],"collection":[{"href":"https:\/\/familijnewesele.pl\/index.php\/wp-json\/wp\/v2\/pages"}],"about":[{"href":"https:\/\/familijnewesele.pl\/index.php\/wp-json\/wp\/v2\/types\/page"}],"author":[{"embeddable":true,"href":"https:\/\/familijnewesele.pl\/index.php\/wp-json\/wp\/v2\/users\/2"}],"replies":[{"embeddable":true,"href":"https:\/\/familijnewesele.pl\/index.php\/wp-json\/wp\/v2\/comments?post=247"}],"version-history":[{"count":9,"href":"https:\/\/familijnewesele.pl\/index.php\/wp-json\/wp\/v2\/pages\/247\/revisions"}],"predecessor-version":[{"id":644,"href":"https:\/\/familijnewesele.pl\/index.php\/wp-json\/wp\/v2\/pages\/247\/revisions\/644"}],"wp:attachment":[{"href":"https:\/\/familijnewesele.pl\/index.php\/wp-json\/wp\/v2\/media?parent=247"}],"curies":[{"name":"wp","href":"https:\/\/api.w.org\/{rel}","templated":true}]}}