{"id":30,"date":"2025-02-11T07:20:53","date_gmt":"2025-02-11T06:20:53","guid":{"rendered":"https:\/\/familijnewesele.5v.pl\/?page_id=30"},"modified":"2025-02-20T20:04:14","modified_gmt":"2025-02-20T20:04:14","slug":"menu","status":"publish","type":"page","link":"https:\/\/familijnewesele.pl\/index.php\/menu\/","title":{"rendered":"O NAS"},"content":{"rendered":"<p>[et_pb_section fb_built=&#8221;1&#8243; disabled_on=&#8221;off|off|off&#8221; admin_label=&#8221;Header&#8221; _builder_version=&#8221;4.27.4&#8243; _module_preset=&#8221;default&#8221; background_color=&#8221;#000000&#8243; use_background_color_gradient=&#8221;on&#8221; background_color_gradient_stops=&#8221;#000000 8%|rgba(255,255,255,0) 30%|#000000 76%&#8221; background_color_gradient_overlays_image=&#8221;on&#8221; background_image=&#8221;http:\/\/familijnewesele.pl\/wp-content\/uploads\/2025\/02\/weselnydzien-6_2-scaled.jpg&#8221; background_size=&#8221;custom&#8221; background_image_width=&#8221;44%&#8221; background_image_height=&#8221;0%&#8221; background_position=&#8221;top_center&#8221; background_vertical_offset=&#8221;34%&#8221; min_height=&#8221;293.3px&#8221; max_height=&#8221;100px&#8221; top_divider_color=&#8221;#000000&#8243; top_divider_height=&#8221;24px&#8221; top_divider_repeat=&#8221;1x&#8221; background_last_edited=&#8221;on|phone&#8221; background_enable_image_phone=&#8221;off&#8221; locked=&#8221;off&#8221; collapsed=&#8221;on&#8221; global_colors_info=&#8221;{}&#8221;][et_pb_row _builder_version=&#8221;4.27.4&#8243; _module_preset=&#8221;default&#8221; width=&#8221;90%&#8221; max_width=&#8221;2000px&#8221; min_height=&#8221;241.7px&#8221; custom_margin=&#8221;-25px||||false|false&#8221; custom_padding=&#8221;||0px|||&#8221; global_colors_info=&#8221;{}&#8221;][et_pb_column type=&#8221;4_4&#8243; _builder_version=&#8221;4.27.4&#8243; _module_preset=&#8221;default&#8221; global_colors_info=&#8221;{}&#8221;][et_pb_heading title=&#8221;O NAS&#8221; disabled_on=&#8221;off|off|off&#8221; _builder_version=&#8221;4.27.4&#8243; _module_preset=&#8221;bbfae65c-bba2-41c9-964a-c67305ff82f1&#8243; title_font=&#8221;Andada Pro||||||||&#8221; title_text_align=&#8221;center&#8221; title_text_color=&#8221;#FFFFFF&#8221; title_font_size=&#8221;47px&#8221; min_height=&#8221;170px&#8221; custom_margin=&#8221;-29px||-72px||false|false&#8221; custom_padding=&#8221;||0px|||&#8221; animation_style=&#8221;bounce&#8221; text_shadow_style=&#8221;preset1&#8243; locked=&#8221;off&#8221; global_colors_info=&#8221;{}&#8221;][\/et_pb_heading][\/et_pb_column][\/et_pb_row][\/et_pb_section][et_pb_section fb_built=&#8221;1&#8243; admin_label=&#8221;Menu&#8221; _builder_version=&#8221;4.27.4&#8243; _module_preset=&#8221;default&#8221; background_color=&#8221;RGBA(255,255,255,0)&#8221; use_background_color_gradient=&#8221;on&#8221; background_color_gradient_direction=&#8221;183deg&#8221; background_color_gradient_stops=&#8221;rgba(255,255,255,0) 11%|#000000 96%&#8221; background_color_gradient_overlays_image=&#8221;on&#8221; min_height=&#8221;1212.3px&#8221; custom_margin=&#8221;-85px|||||&#8221; custom_padding=&#8221;7px|||||&#8221; collapsed=&#8221;on&#8221; global_colors_info=&#8221;{}&#8221;][et_pb_row column_structure=&#8221;1_2,1_2&#8243; _builder_version=&#8221;4.27.4&#8243; _module_preset=&#8221;default&#8221; min_height=&#8221;389px&#8221; custom_padding=&#8221;32px|||||&#8221; global_colors_info=&#8221;{}&#8221;][et_pb_column type=&#8221;1_2&#8243; _builder_version=&#8221;4.27.4&#8243; _module_preset=&#8221;default&#8221; global_colors_info=&#8221;{}&#8221;][et_pb_text _builder_version=&#8221;4.27.4&#8243; _module_preset=&#8221;default&#8221; text_line_height=&#8221;2em&#8221; custom_padding=&#8221;0px|||||&#8221; inline_fonts=&#8221;Inter&#8221; global_colors_info=&#8221;{}&#8221;]<\/p>\n<h3 style=\"text-align: center;\"><strong style=\"font-size: 16px;\">Jacek<\/strong><span style=\"font-size: 16px;\">\u00a0<br \/><span style=\"font-size: small; font-family: inherit; font-weight: normal;\">urodzony w 1982 r. w \u015awi\u0119toch\u0142owicach,<\/span><br \/><\/span><span style=\"font-family: inherit; font-weight: normal; font-size: small;\">gdzie od najm\u0142odszych lat uczy\u0142 si\u0119 kunsztu gry na pianinie.<br \/>Maj\u0105c 13 lat uko\u0144czy\u0142 szko\u0142\u0119 muzyczn\u0105 I Stopnia w Chorzowie,<br \/>lecz od najm\u0142odszych lat interesowa\u0142 si\u0119 sztuk\u0105 dj-owania.<br \/>Pierwsze imprezy rozkr\u0119ca\u0142 ju\u017c jako 15-latek w szkole podstawowej i MDK-u w \u015awi\u0119toch\u0142owicach.<\/span><\/h3>\n<h3 style=\"text-align: center;\"><span class=\"OYPEnA font-feature-liga-off font-feature-clig-off font-feature-calt-off text-decoration-none text-strikethrough-none\" style=\"font-size: small; font-family: inherit; font-weight: normal;\">Kolejnym etapem by\u0142y katowickie kluby, takie jak np. \u201eMetarmofozy\u201d \u2013 dzisiejsza \u201eEndorfina\u201d, \u201eOUI\u201d, Megaclub, Straszny Dw\u00f3r, Oko Miasta, itd.<\/span><\/h3>\n<h3 class=\"cvGsUA direction-ltr align-center para-style-body\" style=\"text-align: center;\"><span class=\"OYPEnA font-feature-liga-off font-feature-clig-off font-feature-calt-off text-decoration-none text-strikethrough-none\" style=\"font-size: small; font-family: inherit; font-weight: normal;\">Po dzie\u0144 dzisiejszy Jacek jest dj\u2019em i starannie dobiera utwory aby parkiet by\u0142 zawsze pe\u0142ny jednocze\u015bnie dba o opraw\u0119 wizualn\u0105 <br \/>w trakcie uroczysto\u015bci.<\/span><\/h3>\n<p style=\"text-align: center;\">\n<p>[\/et_pb_text][\/et_pb_column][et_pb_column type=&#8221;1_2&#8243; _builder_version=&#8221;4.27.4&#8243; _module_preset=&#8221;default&#8221; global_colors_info=&#8221;{}&#8221;][et_pb_image src=&#8221;http:\/\/familijnewesele.pl\/wp-content\/uploads\/2025\/02\/jacek2-1.jpg&#8221; title_text=&#8221;jacek2&#8243; _builder_version=&#8221;4.27.4&#8243; _module_preset=&#8221;default&#8221; hover_enabled=&#8221;0&#8243; global_colors_info=&#8221;{}&#8221; animation_style=&#8221;bounce&#8221; sticky_enabled=&#8221;0&#8243;][\/et_pb_image][\/et_pb_column][\/et_pb_row][et_pb_row column_structure=&#8221;1_2,1_2&#8243; _builder_version=&#8221;4.27.4&#8243; _module_preset=&#8221;default&#8221; custom_padding=&#8221;32px|||||&#8221; global_colors_info=&#8221;{}&#8221;][et_pb_column type=&#8221;1_2&#8243; _builder_version=&#8221;4.27.4&#8243; _module_preset=&#8221;default&#8221; global_colors_info=&#8221;{}&#8221;][et_pb_image src=&#8221;http:\/\/familijnewesele.pl\/wp-content\/uploads\/2025\/02\/AGA1.jpg&#8221; _builder_version=&#8221;4.27.4&#8243; _module_preset=&#8221;default&#8221; animation_style=&#8221;bounce&#8221; global_colors_info=&#8221;{}&#8221;][\/et_pb_image][\/et_pb_column][et_pb_column type=&#8221;1_2&#8243; _builder_version=&#8221;4.27.4&#8243; _module_preset=&#8221;default&#8221; global_colors_info=&#8221;{}&#8221;][et_pb_text _builder_version=&#8221;4.27.4&#8243; _module_preset=&#8221;default&#8221; text_line_height=&#8221;2em&#8221; width=&#8221;100%&#8221; custom_padding=&#8221;47px||0px|||&#8221; inline_fonts=&#8221;Inter&#8221; global_colors_info=&#8221;{}&#8221;]<\/p>\n<p class=\"cvGsUA direction-ltr align-center para-style-body\" style=\"text-align: center;\"><span class=\"OYPEnA font-feature-liga-off font-feature-clig-off font-feature-calt-off text-decoration-none text-strikethrough-none\" style=\"font-family: inherit; font-weight: normal; font-size: small;\"><strong><span style=\"font-size: medium;\">Agnieszka<\/span><br \/><\/strong>urodzona w 1985 r. w \u015awi\u0119toch\u0142owicach.<br \/>Ju\u017c od czas\u00f3w licealnych udziela\u0142a si\u0119 w przygotowaniach wyst\u0119p\u00f3w,<br \/>przem\u00f3wie\u0144 oraz akademii w szko\u0142ach oraz M\u0142odzie\u017cowym Domu Kultury<br \/>w \u015awi\u0119toch\u0142owicach. Tym samym pozyska\u0142a<br \/>do\u015bwiadczenie w pracy z mikrofonem oraz publiczno\u015bci\u0105.<\/span><\/p>\n<p class=\"cvGsUA direction-ltr align-center para-style-body\" style=\"text-align: center;\"><span class=\"OYPEnA font-feature-liga-off font-feature-clig-off font-feature-calt-off text-decoration-none text-strikethrough-none\" style=\"font-family: inherit; font-weight: normal; font-size: small;\">W 2014 roku ma\u0142ymi krokami zosta\u0142a wci\u0105gni\u0119ta przez swojego m\u0119\u017ca do<br \/>wsp\u00f3\u0142pracy przy organizowaniu oraz prowadzeniu imprez okoliczno\u015bciowych <br \/>i wesel, co okaza\u0142o si\u0119 strza\u0142em w dziesi\u0105tk\u0119.<\/span><\/p>\n<p class=\"cvGsUA direction-ltr align-center para-style-body\" style=\"text-align: center;\"><span class=\"OYPEnA font-feature-liga-off font-feature-clig-off font-feature-calt-off text-decoration-none text-strikethrough-none\" style=\"font-family: inherit; font-weight: normal; font-size: small;\">W 2016 roku Agnieszka uczestniczy\u0142a w 3-dniowym kursie Wodzirej\u00f3w Wesel<br \/>i Zabaw Bezalkoholowych czerpi\u0105c wiele pomys\u0142\u00f3w i inspiracji by\u0107 najlepsz\u0105 wodzirejk\u0105 i z u\u015bmiechem<br \/>na twarzy rozbawia\u0107 waszych go\u015bci, prowadzi\u0107 konkursy oraz dba\u0107 o to by wszystko przebieg\u0142o zgodnie z planem.<\/span><\/p>\n<p>[\/et_pb_text][\/et_pb_column][\/et_pb_row][\/et_pb_section]<\/p>\n","protected":false},"excerpt":{"rendered":"<p>Jacek\u00a0urodzony w 1982 r. w \u015awi\u0119toch\u0142owicach,gdzie od najm\u0142odszych lat uczy\u0142 si\u0119 kunsztu gry na pianinie.Maj\u0105c 13 lat uko\u0144czy\u0142 szko\u0142\u0119 muzyczn\u0105 I Stopnia w Chorzowie,lecz od najm\u0142odszych lat interesowa\u0142 si\u0119 sztuk\u0105 dj-owania.Pierwsze imprezy rozkr\u0119ca\u0142 ju\u017c jako 15-latek w szkole podstawowej i MDK-u w \u015awi\u0119toch\u0142owicach. Kolejnym etapem by\u0142y katowickie kluby, takie jak np. \u201eMetarmofozy\u201d \u2013 dzisiejsza \u201eEndorfina\u201d, [&hellip;]<\/p>\n","protected":false},"author":2,"featured_media":0,"parent":0,"menu_order":0,"comment_status":"closed","ping_status":"closed","template":"","meta":{"_et_pb_use_builder":"on","_et_pb_old_content":"","_et_gb_content_width":"","footnotes":""},"class_list":["post-30","page","type-page","status-publish","hentry"],"_links":{"self":[{"href":"https:\/\/familijnewesele.pl\/index.php\/wp-json\/wp\/v2\/pages\/30","targetHints":{"allow":["GET"]}}],"collection":[{"href":"https:\/\/familijnewesele.pl\/index.php\/wp-json\/wp\/v2\/pages"}],"about":[{"href":"https:\/\/familijnewesele.pl\/index.php\/wp-json\/wp\/v2\/types\/page"}],"author":[{"embeddable":true,"href":"https:\/\/familijnewesele.pl\/index.php\/wp-json\/wp\/v2\/users\/2"}],"replies":[{"embeddable":true,"href":"https:\/\/familijnewesele.pl\/index.php\/wp-json\/wp\/v2\/comments?post=30"}],"version-history":[{"count":11,"href":"https:\/\/familijnewesele.pl\/index.php\/wp-json\/wp\/v2\/pages\/30\/revisions"}],"predecessor-version":[{"id":655,"href":"https:\/\/familijnewesele.pl\/index.php\/wp-json\/wp\/v2\/pages\/30\/revisions\/655"}],"wp:attachment":[{"href":"https:\/\/familijnewesele.pl\/index.php\/wp-json\/wp\/v2\/media?parent=30"}],"curies":[{"name":"wp","href":"https:\/\/api.w.org\/{rel}","templated":true}]}}